{"id":225,"date":"2024-09-09T13:11:06","date_gmt":"2024-09-09T13:11:06","guid":{"rendered":"https:\/\/holdtgrafik.kollits.dk\/?page_id=225"},"modified":"2026-03-16T18:27:40","modified_gmt":"2026-03-16T18:27:40","slug":"grundforlob","status":"publish","type":"page","link":"https:\/\/holdtgrafik.dk\/index.php\/grundforlob\/","title":{"rendered":"GRUNDFORL\u00d8B"},"content":{"rendered":"\t\t<div data-elementor-type=\"wp-page\" data-elementor-id=\"225\" class=\"elementor elementor-225\">\n\t\t\t\t<div class=\"elementor-element elementor-element-9d0f516 e-con-full e-flex e-con e-parent\" data-id=\"9d0f516\" data-element_type=\"container\" data-e-type=\"container\">\n\t\t<div class=\"elementor-element elementor-element-ce4b509 e-con-full e-flex e-con e-child\" data-id=\"ce4b509\" data-element_type=\"container\" data-e-type=\"container\">\n\t\t<div class=\"elementor-element elementor-element-8538140 e-con-full e-flex e-con e-child\" data-id=\"8538140\" data-element_type=\"container\" data-e-type=\"container\">\n\t\t\t\t<div class=\"elementor-element elementor-element-113b639 elementor-widget__width-initial elementor-widget elementor-widget-heading\" data-id=\"113b639\" data-element_type=\"widget\" data-e-type=\"widget\" data-widget_type=\"heading.default\">\n\t\t\t\t<div class=\"elementor-widget-container\">\n\t\t\t\t\t<h1 class=\"elementor-heading-title elementor-size-default\">GRUNDFORL\u00d8B<\/h1>\t\t\t\t<\/div>\n\t\t\t\t<\/div>\n\t\t\t\t<div class=\"elementor-element elementor-element-a359074 elementor-widget-mobile__width-initial elementor-widget elementor-widget-heading\" data-id=\"a359074\" data-element_type=\"widget\" data-e-type=\"widget\" data-widget_type=\"heading.default\">\n\t\t\t\t<div class=\"elementor-widget-container\">\n\t\t\t\t\t<h3 class=\"elementor-heading-title elementor-size-default\">Til vores grundforl\u00f8bspr\u00f8ve fik vi en opgave, hvor vi skulle designe en app til en A-venue. Vi skulle designe logo, et trykt produkt og et digital produkt. Da det kom til det fysiske og det digitale produkt fik vi nogle valgmuligheder. Jeg valgte en hjemmeside og en brochure.<\/h3>\t\t\t\t<\/div>\n\t\t\t\t<\/div>\n\t\t\t\t<\/div>\n\t\t\t\t<div class=\"elementor-element elementor-element-e43a98d elementor-widget-divider--separator-type-pattern elementor-widget-divider--no-spacing elementor-widget-divider--view-line elementor-widget elementor-widget-divider\" data-id=\"e43a98d\" data-element_type=\"widget\" data-e-type=\"widget\" data-widget_type=\"divider.default\">\n\t\t\t\t<div class=\"elementor-widget-container\">\n\t\t\t\t\t\t\t<div class=\"elementor-divider\" style=\"--divider-pattern-url: url(&quot;data:image\/svg+xml,%3Csvg xmlns=&#039;http:\/\/www.w3.org\/2000\/svg&#039; preserveAspectRatio=&#039;xMidYMid meet&#039; overflow=&#039;visible&#039; height=&#039;100%&#039; viewBox=&#039;0 0 126 26&#039; fill=&#039;black&#039; stroke=&#039;none&#039;%3E%3Cpath d=&#039;M10.7,6l2.5,2.6l-4,4.3l4,5.4l-2.5,1.9l-4.5-5.2l-3.9,4.2L0.7,17L4,13.1L0,8.6l2.3-1.3l3.9,3.9L10.7,6z M23.9,6.6l4.2,4.5L32,7.2l2.3,1.3l-4,4.5l3.2,3.9L32,19.1l-3.9-3.3l-4.5,4.3l-2.5-1.9l4.4-5.1l-4.2-3.9L23.9,6.6zM73.5,6L76,8.6l-4,4.3l4,5.4l-2.5,1.9l-4.5-5.2l-3.9,4.2L63.5,17l4.1-4.7L63.5,8l2.3-1.3l4.1,3.6L73.5,6z M94,6l2.5,2.6l-4,4.3l4,5.4L94,20.1l-3.9-5l-3.9,4.2L84,17l3.2-3.9L84,8.6l2.3-1.3l3.2,3.9L94,6z M106.9,6l4.5,5.1l3.9-3.9l2.3,1.3l-4,4.5l3.2,3.9l-1.6,2.1l-3.9-4.2l-4.5,5.2l-2.5-1.9l4-5.4l-4-4.3L106.9,6z M53.1,6l2.5,2.6l-4,4.3l4,4.6l-2.5,1.9l-4.5-4.5l-3.5,4.5L43.1,17l3.2-3.9l-4-4.5l2.3-1.3l3.9,3.9L53.1,6z&#039;\/%3E%3C\/svg%3E&quot;);\">\n\t\t\t<span class=\"elementor-divider-separator\">\n\t\t\t\t\t\t<\/span>\n\t\t<\/div>\n\t\t\t\t\t\t<\/div>\n\t\t\t\t<\/div>\n\t\t\t\t<\/div>\n\t\t\t\t<\/div>\n\t\t<div class=\"elementor-element elementor-element-be89572 e-grid e-con-boxed e-con e-parent\" data-id=\"be89572\" data-element_type=\"container\" data-e-type=\"container\">\n\t\t\t\t\t<div class=\"e-con-inner\">\n\t\t<div class=\"elementor-element elementor-element-ed7ef87 e-con-full e-flex e-con e-child\" data-id=\"ed7ef87\" data-element_type=\"container\" data-e-type=\"container\">\n\t\t<div class=\"elementor-element elementor-element-c97b594 e-con-full e-flex e-con e-child\" data-id=\"c97b594\" data-element_type=\"container\" data-e-type=\"container\">\n\t\t\t\t<div class=\"elementor-element elementor-element-df2b63f elementor-widget-tablet__width-initial elementor-widget-mobile__width-initial elementor-widget elementor-widget-image\" data-id=\"df2b63f\" data-element_type=\"widget\" data-e-type=\"widget\" data-widget_type=\"image.default\">\n\t\t\t\t<div class=\"elementor-widget-container\">\n\t\t\t\t\t\t\t\t\t\t\t\t\t\t\t<img fetchpriority=\"high\" decoding=\"async\" width=\"2560\" height=\"1864\" src=\"https:\/\/holdtgrafik.dk\/wp-content\/uploads\/2024\/09\/app-gf2-scaled.jpg\" class=\"attachment-full size-full wp-image-233\" alt=\"Grundforl\u00f8bspr\u00f8ve dokumentation som mediegrafiker p\u00e5 GF2. Design, logo, GF2, Hovedforl\u00f8b , mediegrafiker.\" srcset=\"https:\/\/holdtgrafik.dk\/wp-content\/uploads\/2024\/09\/app-gf2-scaled.jpg 2560w, https:\/\/holdtgrafik.dk\/wp-content\/uploads\/2024\/09\/app-gf2-600x437.jpg 600w, https:\/\/holdtgrafik.dk\/wp-content\/uploads\/2024\/09\/app-gf2-300x218.jpg 300w, https:\/\/holdtgrafik.dk\/wp-content\/uploads\/2024\/09\/app-gf2-1024x746.jpg 1024w, https:\/\/holdtgrafik.dk\/wp-content\/uploads\/2024\/09\/app-gf2-768x559.jpg 768w, https:\/\/holdtgrafik.dk\/wp-content\/uploads\/2024\/09\/app-gf2-1536x1118.jpg 1536w, https:\/\/holdtgrafik.dk\/wp-content\/uploads\/2024\/09\/app-gf2-2048x1491.jpg 2048w, https:\/\/holdtgrafik.dk\/wp-content\/uploads\/2024\/09\/app-gf2-100x73.jpg 100w, https:\/\/holdtgrafik.dk\/wp-content\/uploads\/2024\/09\/app-gf2-150x109.jpg 150w, https:\/\/holdtgrafik.dk\/wp-content\/uploads\/2024\/09\/app-gf2-200x146.jpg 200w, https:\/\/holdtgrafik.dk\/wp-content\/uploads\/2024\/09\/app-gf2-450x328.jpg 450w, https:\/\/holdtgrafik.dk\/wp-content\/uploads\/2024\/09\/app-gf2-900x655.jpg 900w\" sizes=\"(max-width: 2560px) 100vw, 2560px\" \/>\t\t\t\t\t\t\t\t\t\t\t\t\t\t\t<\/div>\n\t\t\t\t<\/div>\n\t\t\t\t<\/div>\n\t\t<div class=\"elementor-element elementor-element-ee34e5f e-con-full e-flex e-con e-child\" data-id=\"ee34e5f\" data-element_type=\"container\" data-e-type=\"container\">\n\t\t\t\t<div class=\"elementor-element elementor-element-396b2a1 elementor-widget__width-initial elementor-widget elementor-widget-heading\" data-id=\"396b2a1\" data-element_type=\"widget\" data-e-type=\"widget\" data-widget_type=\"heading.default\">\n\t\t\t\t<div class=\"elementor-widget-container\">\n\t\t\t\t\t<h1 class=\"elementor-heading-title elementor-size-default\">App<\/h1>\t\t\t\t<\/div>\n\t\t\t\t<\/div>\n\t\t<div class=\"elementor-element elementor-element-78f44e7 e-grid e-con-full e-con e-child\" data-id=\"78f44e7\" data-element_type=\"container\" data-e-type=\"container\">\n\t\t\t\t<div class=\"elementor-element elementor-element-6044081 elementor-widget elementor-widget-heading\" data-id=\"6044081\" data-element_type=\"widget\" data-e-type=\"widget\" data-widget_type=\"heading.default\">\n\t\t\t\t<div class=\"elementor-widget-container\">\n\t\t\t\t\t<h2 class=\"elementor-heading-title elementor-size-default\">Kernefagligheder:<\/h2>\t\t\t\t<\/div>\n\t\t\t\t<\/div>\n\t\t\t\t<div class=\"elementor-element elementor-element-92cbcef elementor-widget elementor-widget-heading\" data-id=\"92cbcef\" data-element_type=\"widget\" data-e-type=\"widget\" data-widget_type=\"heading.default\">\n\t\t\t\t<div class=\"elementor-widget-container\">\n\t\t\t\t\t<h2 class=\"elementor-heading-title elementor-size-default\">Grafisk Design<\/h2>\t\t\t\t<\/div>\n\t\t\t\t<\/div>\n\t\t\t\t<\/div>\n\t\t\t\t<div class=\"elementor-element elementor-element-f11f59a elementor-widget elementor-widget-heading\" data-id=\"f11f59a\" data-element_type=\"widget\" data-e-type=\"widget\" data-widget_type=\"heading.default\">\n\t\t\t\t<div class=\"elementor-widget-container\">\n\t\t\t\t\t<h4 class=\"elementor-heading-title elementor-size-default\">Her skulle man kunne se hvad appen handlede om og hvem der ville komme til at spille. Det var ogs\u00e5 vigtigt at kunne finde en \nlokation p\u00e5 selve stedet.<\/h4>\t\t\t\t<\/div>\n\t\t\t\t<\/div>\n\t\t<div class=\"elementor-element elementor-element-5684140 e-con-full e-flex e-con e-child\" data-id=\"5684140\" data-element_type=\"container\" data-e-type=\"container\">\n\t\t\t\t<div class=\"elementor-element elementor-element-97a78bd elementor-align-left elementor-tablet-align-left elementor-mobile-align-left elementor-widget elementor-widget-button\" data-id=\"97a78bd\" data-element_type=\"widget\" data-e-type=\"widget\" data-widget_type=\"button.default\">\n\t\t\t\t<div class=\"elementor-widget-container\">\n\t\t\t\t\t\t\t\t\t<div class=\"elementor-button-wrapper\">\n\t\t\t\t\t<a class=\"elementor-button elementor-button-link elementor-size-sm\" href=\"https:\/\/xd.adobe.com\/view\/8a4abd8b-d096-4533-b70c-43a03e2b4490-df19\/\">\n\t\t\t\t\t\t<span class=\"elementor-button-content-wrapper\">\n\t\t\t\t\t\t\t\t\t<span class=\"elementor-button-text\">APP<\/span>\n\t\t\t\t\t<\/span>\n\t\t\t\t\t<\/a>\n\t\t\t\t<\/div>\n\t\t\t\t\t\t\t\t<\/div>\n\t\t\t\t<\/div>\n\t\t\t\t<\/div>\n\t\t\t\t<\/div>\n\t\t\t\t<\/div>\n\t\t<div class=\"elementor-element elementor-element-d90b8de e-con-full e-flex e-con e-child\" data-id=\"d90b8de\" data-element_type=\"container\" data-e-type=\"container\">\n\t\t<div class=\"elementor-element elementor-element-5bdaf6a e-con-full e-flex e-con e-child\" data-id=\"5bdaf6a\" data-element_type=\"container\" data-e-type=\"container\">\n\t\t\t\t<div class=\"elementor-element elementor-element-66a0d9c elementor-widget-tablet__width-initial elementor-widget-mobile__width-initial elementor-widget elementor-widget-image\" data-id=\"66a0d9c\" data-element_type=\"widget\" data-e-type=\"widget\" data-widget_type=\"image.default\">\n\t\t\t\t<div class=\"elementor-widget-container\">\n\t\t\t\t\t\t\t\t\t\t\t\t\t\t\t<img decoding=\"async\" width=\"2560\" height=\"1864\" src=\"https:\/\/holdtgrafik.dk\/wp-content\/uploads\/2024\/09\/brouchere-gf2-scaled.jpg\" class=\"attachment-full size-full wp-image-234\" alt=\"Grundforl\u00f8bspr\u00f8ve dokumentation som mediegrafiker p\u00e5 GF2. Design, logo, GF2, Hovedforl\u00f8b , mediegrafiker.\" srcset=\"https:\/\/holdtgrafik.dk\/wp-content\/uploads\/2024\/09\/brouchere-gf2-scaled.jpg 2560w, https:\/\/holdtgrafik.dk\/wp-content\/uploads\/2024\/09\/brouchere-gf2-600x437.jpg 600w, https:\/\/holdtgrafik.dk\/wp-content\/uploads\/2024\/09\/brouchere-gf2-300x218.jpg 300w, https:\/\/holdtgrafik.dk\/wp-content\/uploads\/2024\/09\/brouchere-gf2-1024x746.jpg 1024w, https:\/\/holdtgrafik.dk\/wp-content\/uploads\/2024\/09\/brouchere-gf2-768x559.jpg 768w, https:\/\/holdtgrafik.dk\/wp-content\/uploads\/2024\/09\/brouchere-gf2-1536x1118.jpg 1536w, https:\/\/holdtgrafik.dk\/wp-content\/uploads\/2024\/09\/brouchere-gf2-2048x1491.jpg 2048w, https:\/\/holdtgrafik.dk\/wp-content\/uploads\/2024\/09\/brouchere-gf2-100x73.jpg 100w, https:\/\/holdtgrafik.dk\/wp-content\/uploads\/2024\/09\/brouchere-gf2-150x109.jpg 150w, https:\/\/holdtgrafik.dk\/wp-content\/uploads\/2024\/09\/brouchere-gf2-200x146.jpg 200w, https:\/\/holdtgrafik.dk\/wp-content\/uploads\/2024\/09\/brouchere-gf2-450x328.jpg 450w, https:\/\/holdtgrafik.dk\/wp-content\/uploads\/2024\/09\/brouchere-gf2-900x655.jpg 900w\" sizes=\"(max-width: 2560px) 100vw, 2560px\" \/>\t\t\t\t\t\t\t\t\t\t\t\t\t\t\t<\/div>\n\t\t\t\t<\/div>\n\t\t\t\t<\/div>\n\t\t<div class=\"elementor-element elementor-element-8e9df16 e-con-full e-flex e-con e-child\" data-id=\"8e9df16\" data-element_type=\"container\" data-e-type=\"container\">\n\t\t\t\t<div class=\"elementor-element elementor-element-5961656 elementor-widget__width-initial elementor-widget elementor-widget-heading\" data-id=\"5961656\" data-element_type=\"widget\" data-e-type=\"widget\" data-widget_type=\"heading.default\">\n\t\t\t\t<div class=\"elementor-widget-container\">\n\t\t\t\t\t<h1 class=\"elementor-heading-title elementor-size-default\">Brochure<\/h1>\t\t\t\t<\/div>\n\t\t\t\t<\/div>\n\t\t<div class=\"elementor-element elementor-element-9fa9bad e-grid e-con-full e-con e-child\" data-id=\"9fa9bad\" data-element_type=\"container\" data-e-type=\"container\">\n\t\t\t\t<div class=\"elementor-element elementor-element-b9f81e1 elementor-widget-mobile__width-inherit elementor-widget elementor-widget-heading\" data-id=\"b9f81e1\" data-element_type=\"widget\" data-e-type=\"widget\" data-widget_type=\"heading.default\">\n\t\t\t\t<div class=\"elementor-widget-container\">\n\t\t\t\t\t<h2 class=\"elementor-heading-title elementor-size-default\">Kernefagligheder:<\/h2>\t\t\t\t<\/div>\n\t\t\t\t<\/div>\n\t\t\t\t<div class=\"elementor-element elementor-element-0f55905 elementor-widget elementor-widget-heading\" data-id=\"0f55905\" data-element_type=\"widget\" data-e-type=\"widget\" data-widget_type=\"heading.default\">\n\t\t\t\t<div class=\"elementor-widget-container\">\n\t\t\t\t\t<h2 class=\"elementor-heading-title elementor-size-default\">Grafik &amp; Billedbehandling, Typografi, Produktionsforst\u00e5else<\/h2>\t\t\t\t<\/div>\n\t\t\t\t<\/div>\n\t\t\t\t<\/div>\n\t\t\t\t<div class=\"elementor-element elementor-element-2812e60 elementor-widget-mobile__width-initial elementor-widget elementor-widget-heading\" data-id=\"2812e60\" data-element_type=\"widget\" data-e-type=\"widget\" data-widget_type=\"heading.default\">\n\t\t\t\t<div class=\"elementor-widget-container\">\n\t\t\t\t\t<h4 class=\"elementor-heading-title elementor-size-default\">Jeg valgte at lave brochure, hvor vi fik nogle krav med. Vi skulle have alle kunsterne med &amp; et skema med spilletiderne. Jeg valgte at tilf\u00f8je pris og qr til at scanne dem direkte ind til billet salg.<\/h4>\t\t\t\t<\/div>\n\t\t\t\t<\/div>\n\t\t<div class=\"elementor-element elementor-element-b99abc4 e-con-full e-flex e-con e-child\" data-id=\"b99abc4\" data-element_type=\"container\" data-e-type=\"container\">\n\t\t\t\t<div class=\"elementor-element elementor-element-745e81b elementor-align-left elementor-tablet-align-left elementor-mobile-align-left elementor-widget elementor-widget-button\" data-id=\"745e81b\" data-element_type=\"widget\" data-e-type=\"widget\" data-widget_type=\"button.default\">\n\t\t\t\t<div class=\"elementor-widget-container\">\n\t\t\t\t\t\t\t\t\t<div class=\"elementor-button-wrapper\">\n\t\t\t\t\t<a class=\"elementor-button elementor-button-link elementor-size-sm\" href=\"https:\/\/online.fliphtml5.com\/aqjmq\/kuss\/#p=1\">\n\t\t\t\t\t\t<span class=\"elementor-button-content-wrapper\">\n\t\t\t\t\t\t\t\t\t<span class=\"elementor-button-text\">BROCHURE<\/span>\n\t\t\t\t\t<\/span>\n\t\t\t\t\t<\/a>\n\t\t\t\t<\/div>\n\t\t\t\t\t\t\t\t<\/div>\n\t\t\t\t<\/div>\n\t\t\t\t<\/div>\n\t\t\t\t<\/div>\n\t\t\t\t<\/div>\n\t\t\t\t\t<\/div>\n\t\t\t\t<\/div>\n\t\t<div class=\"elementor-element elementor-element-c8d8a77 e-flex e-con-boxed e-con e-parent\" data-id=\"c8d8a77\" data-element_type=\"container\" data-e-type=\"container\">\n\t\t\t\t\t<div class=\"e-con-inner\">\n\t\t\t\t<div class=\"elementor-element elementor-element-bb2c4ee elementor-widget-divider--view-line elementor-widget elementor-widget-divider\" data-id=\"bb2c4ee\" data-element_type=\"widget\" data-e-type=\"widget\" data-widget_type=\"divider.default\">\n\t\t\t\t<div class=\"elementor-widget-container\">\n\t\t\t\t\t\t\t<div class=\"elementor-divider\">\n\t\t\t<span class=\"elementor-divider-separator\">\n\t\t\t\t\t\t<\/span>\n\t\t<\/div>\n\t\t\t\t\t\t<\/div>\n\t\t\t\t<\/div>\n\t\t\t\t\t<\/div>\n\t\t\t\t<\/div>\n\t\t<div class=\"elementor-element elementor-element-d243222 e-flex e-con-boxed e-con e-parent\" data-id=\"d243222\" data-element_type=\"container\" data-e-type=\"container\">\n\t\t\t\t\t<div class=\"e-con-inner\">\n\t\t\t\t\t<\/div>\n\t\t\t\t<\/div>\n\t\t\t\t<\/div>\n\t\t","protected":false},"excerpt":{"rendered":"<p>GRUNDFORL\u00d8B Til vores grundforl\u00f8bspr\u00f8ve fik vi en opgave, hvor vi skulle designe en app til en A-venue. Vi skulle designe logo, et trykt produkt og et digital produkt. Da det kom til det fysiske og det digitale produkt fik vi &hellip;<\/p>\n<p class=\"read-more\"> <a class=\"more-link\" href=\"https:\/\/holdtgrafik.dk\/index.php\/grundforlob\/\"> <span class=\"screen-reader-text\">GRUNDFORL\u00d8B<\/span> Read More &raquo;<\/a><\/p>\n","protected":false},"author":2,"featured_media":178,"parent":0,"menu_order":0,"comment_status":"closed","ping_status":"closed","template":"","meta":{"footnotes":""},"class_list":["post-225","page","type-page","status-publish","has-post-thumbnail","hentry"],"yoast_head":"<!-- This site is optimized with the Yoast SEO plugin v27.2 - https:\/\/yoast.com\/product\/yoast-seo-wordpress\/ -->\n<title>Grundforl\u00f8bspr\u00f8ve - HoldtGrafik<\/title>\n<meta name=\"description\" content=\"Rikke L\u00f8bner Holdt. T\u00f8r du kigge ind? Jeg er i gang med at studere til mediegrafiker, og her vil I kunne f\u00f8lge med i min sp\u00e6ndende rejse. \ud83d\ude0a\" \/>\n<meta name=\"robots\" content=\"index, follow, max-snippet:-1, max-image-preview:large, max-video-preview:-1\" \/>\n<link rel=\"canonical\" href=\"https:\/\/holdtgrafik.dk\/index.php\/grundforlob\/\" \/>\n<meta property=\"og:locale\" content=\"en_US\" \/>\n<meta property=\"og:type\" content=\"article\" \/>\n<meta property=\"og:title\" content=\"Grundforl\u00f8bspr\u00f8ve - HoldtGrafik\" \/>\n<meta property=\"og:description\" content=\"Rikke L\u00f8bner Holdt. T\u00f8r du kigge ind? Jeg er i gang med at studere til mediegrafiker, og her vil I kunne f\u00f8lge med i min sp\u00e6ndende rejse. \ud83d\ude0a\" \/>\n<meta property=\"og:url\" content=\"https:\/\/holdtgrafik.dk\/index.php\/grundforlob\/\" \/>\n<meta property=\"og:site_name\" content=\"Holdtgrafik\" \/>\n<meta property=\"article:modified_time\" content=\"2026-03-16T18:27:40+00:00\" \/>\n<meta property=\"og:image\" content=\"http:\/\/holdtgrafik.dk\/wp-content\/uploads\/2024\/09\/A-venue-scaled.jpg\" \/>\n\t<meta property=\"og:image:width\" content=\"1617\" \/>\n\t<meta property=\"og:image:height\" content=\"2560\" \/>\n\t<meta property=\"og:image:type\" content=\"image\/jpeg\" \/>\n<meta name=\"twitter:card\" content=\"summary_large_image\" \/>\n<meta name=\"twitter:label1\" content=\"Est. reading time\" \/>\n\t<meta name=\"twitter:data1\" content=\"1 minute\" \/>\n<script type=\"application\/ld+json\" class=\"yoast-schema-graph\">{\"@context\":\"https:\/\/schema.org\",\"@graph\":[{\"@type\":\"WebPage\",\"@id\":\"https:\/\/holdtgrafik.dk\/index.php\/grundforlob\/\",\"url\":\"https:\/\/holdtgrafik.dk\/index.php\/grundforlob\/\",\"name\":\"Grundforl\u00f8bspr\u00f8ve - HoldtGrafik\",\"isPartOf\":{\"@id\":\"https:\/\/holdtgrafik.dk\/#website\"},\"primaryImageOfPage\":{\"@id\":\"https:\/\/holdtgrafik.dk\/index.php\/grundforlob\/#primaryimage\"},\"image\":{\"@id\":\"https:\/\/holdtgrafik.dk\/index.php\/grundforlob\/#primaryimage\"},\"thumbnailUrl\":\"https:\/\/holdtgrafik.dk\/wp-content\/uploads\/2024\/09\/A-venue-scaled.jpg\",\"datePublished\":\"2024-09-09T13:11:06+00:00\",\"dateModified\":\"2026-03-16T18:27:40+00:00\",\"description\":\"Rikke L\u00f8bner Holdt. T\u00f8r du kigge ind? Jeg er i gang med at studere til mediegrafiker, og her vil I kunne f\u00f8lge med i min sp\u00e6ndende rejse. \ud83d\ude0a\",\"breadcrumb\":{\"@id\":\"https:\/\/holdtgrafik.dk\/index.php\/grundforlob\/#breadcrumb\"},\"inLanguage\":\"en-US\",\"potentialAction\":[{\"@type\":\"ReadAction\",\"target\":[\"https:\/\/holdtgrafik.dk\/index.php\/grundforlob\/\"]}]},{\"@type\":\"ImageObject\",\"inLanguage\":\"en-US\",\"@id\":\"https:\/\/holdtgrafik.dk\/index.php\/grundforlob\/#primaryimage\",\"url\":\"https:\/\/holdtgrafik.dk\/wp-content\/uploads\/2024\/09\/A-venue-scaled.jpg\",\"contentUrl\":\"https:\/\/holdtgrafik.dk\/wp-content\/uploads\/2024\/09\/A-venue-scaled.jpg\",\"width\":1617,\"height\":2560,\"caption\":\"Grundforl\u00f8bspr\u00f8ve dokumentation som mediegrafiker p\u00e5 GF2. Design, logo, GF2, Hovedforl\u00f8b , mediegrafiker.\"},{\"@type\":\"BreadcrumbList\",\"@id\":\"https:\/\/holdtgrafik.dk\/index.php\/grundforlob\/#breadcrumb\",\"itemListElement\":[{\"@type\":\"ListItem\",\"position\":1,\"name\":\"Home\",\"item\":\"https:\/\/holdtgrafik.dk\/\"},{\"@type\":\"ListItem\",\"position\":2,\"name\":\"GRUNDFORL\u00d8B\"}]},{\"@type\":\"WebSite\",\"@id\":\"https:\/\/holdtgrafik.dk\/#website\",\"url\":\"https:\/\/holdtgrafik.dk\/\",\"name\":\"Holdtgrafik\",\"description\":\"Mediegrafiker portfolio\",\"potentialAction\":[{\"@type\":\"SearchAction\",\"target\":{\"@type\":\"EntryPoint\",\"urlTemplate\":\"https:\/\/holdtgrafik.dk\/?s={search_term_string}\"},\"query-input\":{\"@type\":\"PropertyValueSpecification\",\"valueRequired\":true,\"valueName\":\"search_term_string\"}}],\"inLanguage\":\"en-US\"}]}<\/script>\n<!-- \/ Yoast SEO plugin. -->","yoast_head_json":{"title":"Grundforl\u00f8bspr\u00f8ve - HoldtGrafik","description":"Rikke L\u00f8bner Holdt. T\u00f8r du kigge ind? Jeg er i gang med at studere til mediegrafiker, og her vil I kunne f\u00f8lge med i min sp\u00e6ndende rejse. \ud83d\ude0a","robots":{"index":"index","follow":"follow","max-snippet":"max-snippet:-1","max-image-preview":"max-image-preview:large","max-video-preview":"max-video-preview:-1"},"canonical":"https:\/\/holdtgrafik.dk\/index.php\/grundforlob\/","og_locale":"en_US","og_type":"article","og_title":"Grundforl\u00f8bspr\u00f8ve - HoldtGrafik","og_description":"Rikke L\u00f8bner Holdt. T\u00f8r du kigge ind? Jeg er i gang med at studere til mediegrafiker, og her vil I kunne f\u00f8lge med i min sp\u00e6ndende rejse. \ud83d\ude0a","og_url":"https:\/\/holdtgrafik.dk\/index.php\/grundforlob\/","og_site_name":"Holdtgrafik","article_modified_time":"2026-03-16T18:27:40+00:00","og_image":[{"width":1617,"height":2560,"url":"http:\/\/holdtgrafik.dk\/wp-content\/uploads\/2024\/09\/A-venue-scaled.jpg","type":"image\/jpeg"}],"twitter_card":"summary_large_image","twitter_misc":{"Est. reading time":"1 minute"},"schema":{"@context":"https:\/\/schema.org","@graph":[{"@type":"WebPage","@id":"https:\/\/holdtgrafik.dk\/index.php\/grundforlob\/","url":"https:\/\/holdtgrafik.dk\/index.php\/grundforlob\/","name":"Grundforl\u00f8bspr\u00f8ve - HoldtGrafik","isPartOf":{"@id":"https:\/\/holdtgrafik.dk\/#website"},"primaryImageOfPage":{"@id":"https:\/\/holdtgrafik.dk\/index.php\/grundforlob\/#primaryimage"},"image":{"@id":"https:\/\/holdtgrafik.dk\/index.php\/grundforlob\/#primaryimage"},"thumbnailUrl":"https:\/\/holdtgrafik.dk\/wp-content\/uploads\/2024\/09\/A-venue-scaled.jpg","datePublished":"2024-09-09T13:11:06+00:00","dateModified":"2026-03-16T18:27:40+00:00","description":"Rikke L\u00f8bner Holdt. T\u00f8r du kigge ind? Jeg er i gang med at studere til mediegrafiker, og her vil I kunne f\u00f8lge med i min sp\u00e6ndende rejse. \ud83d\ude0a","breadcrumb":{"@id":"https:\/\/holdtgrafik.dk\/index.php\/grundforlob\/#breadcrumb"},"inLanguage":"en-US","potentialAction":[{"@type":"ReadAction","target":["https:\/\/holdtgrafik.dk\/index.php\/grundforlob\/"]}]},{"@type":"ImageObject","inLanguage":"en-US","@id":"https:\/\/holdtgrafik.dk\/index.php\/grundforlob\/#primaryimage","url":"https:\/\/holdtgrafik.dk\/wp-content\/uploads\/2024\/09\/A-venue-scaled.jpg","contentUrl":"https:\/\/holdtgrafik.dk\/wp-content\/uploads\/2024\/09\/A-venue-scaled.jpg","width":1617,"height":2560,"caption":"Grundforl\u00f8bspr\u00f8ve dokumentation som mediegrafiker p\u00e5 GF2. Design, logo, GF2, Hovedforl\u00f8b , mediegrafiker."},{"@type":"BreadcrumbList","@id":"https:\/\/holdtgrafik.dk\/index.php\/grundforlob\/#breadcrumb","itemListElement":[{"@type":"ListItem","position":1,"name":"Home","item":"https:\/\/holdtgrafik.dk\/"},{"@type":"ListItem","position":2,"name":"GRUNDFORL\u00d8B"}]},{"@type":"WebSite","@id":"https:\/\/holdtgrafik.dk\/#website","url":"https:\/\/holdtgrafik.dk\/","name":"Holdtgrafik","description":"Mediegrafiker portfolio","potentialAction":[{"@type":"SearchAction","target":{"@type":"EntryPoint","urlTemplate":"https:\/\/holdtgrafik.dk\/?s={search_term_string}"},"query-input":{"@type":"PropertyValueSpecification","valueRequired":true,"valueName":"search_term_string"}}],"inLanguage":"en-US"}]}},"_links":{"self":[{"href":"https:\/\/holdtgrafik.dk\/index.php\/wp-json\/wp\/v2\/pages\/225","targetHints":{"allow":["GET"]}}],"collection":[{"href":"https:\/\/holdtgrafik.dk\/index.php\/wp-json\/wp\/v2\/pages"}],"about":[{"href":"https:\/\/holdtgrafik.dk\/index.php\/wp-json\/wp\/v2\/types\/page"}],"author":[{"embeddable":true,"href":"https:\/\/holdtgrafik.dk\/index.php\/wp-json\/wp\/v2\/users\/2"}],"replies":[{"embeddable":true,"href":"https:\/\/holdtgrafik.dk\/index.php\/wp-json\/wp\/v2\/comments?post=225"}],"version-history":[{"count":187,"href":"https:\/\/holdtgrafik.dk\/index.php\/wp-json\/wp\/v2\/pages\/225\/revisions"}],"predecessor-version":[{"id":3566,"href":"https:\/\/holdtgrafik.dk\/index.php\/wp-json\/wp\/v2\/pages\/225\/revisions\/3566"}],"wp:featuredmedia":[{"embeddable":true,"href":"https:\/\/holdtgrafik.dk\/index.php\/wp-json\/wp\/v2\/media\/178"}],"wp:attachment":[{"href":"https:\/\/holdtgrafik.dk\/index.php\/wp-json\/wp\/v2\/media?parent=225"}],"curies":[{"name":"wp","href":"https:\/\/api.w.org\/{rel}","templated":true}]}}