{"id":2608,"date":"2025-09-17T08:33:29","date_gmt":"2025-09-17T08:33:29","guid":{"rendered":"https:\/\/holdtgrafik.dk\/?page_id=2608"},"modified":"2026-03-16T18:45:20","modified_gmt":"2026-03-16T18:45:20","slug":"om-mig","status":"publish","type":"page","link":"https:\/\/holdtgrafik.dk\/index.php\/om-mig\/","title":{"rendered":"BAG SK\u00c6RMEN"},"content":{"rendered":"\t\t<div data-elementor-type=\"wp-page\" data-elementor-id=\"2608\" class=\"elementor elementor-2608\">\n\t\t\t\t<div class=\"elementor-element elementor-element-b2167c0 e-con-full e-flex e-con e-parent\" data-id=\"b2167c0\" data-element_type=\"container\" data-e-type=\"container\">\n\t\t<div class=\"elementor-element elementor-element-46f9967 e-con-full e-flex e-con e-child\" data-id=\"46f9967\" data-element_type=\"container\" data-e-type=\"container\">\n\t\t<div class=\"elementor-element elementor-element-b956e69 e-con-full e-flex e-con e-child\" data-id=\"b956e69\" data-element_type=\"container\" data-e-type=\"container\">\n\t\t\t\t<div class=\"elementor-element elementor-element-57e2a35 elementor-widget-tablet__width-initial elementor-widget elementor-widget-image\" data-id=\"57e2a35\" data-element_type=\"widget\" data-e-type=\"widget\" data-widget_type=\"image.default\">\n\t\t\t\t<div class=\"elementor-widget-container\">\n\t\t\t\t\t\t\t\t\t\t\t\t\t\t\t<img decoding=\"async\" src=\"https:\/\/holdtgrafik.dk\/wp-content\/uploads\/2025\/09\/Rikke.png\" title=\"Rikke\" alt=\"Rikke\" loading=\"lazy\" \/>\t\t\t\t\t\t\t\t\t\t\t\t\t\t\t<\/div>\n\t\t\t\t<\/div>\n\t\t\t\t<\/div>\n\t\t<div class=\"elementor-element elementor-element-7e8b9d2 e-con-full e-flex e-con e-child\" data-id=\"7e8b9d2\" data-element_type=\"container\" data-e-type=\"container\">\n\t\t<div class=\"elementor-element elementor-element-1dcd6c6 e-flex e-con-boxed e-con e-child\" data-id=\"1dcd6c6\" data-element_type=\"container\" data-e-type=\"container\">\n\t\t\t\t\t<div class=\"e-con-inner\">\n\t\t\t\t<div class=\"elementor-element elementor-element-fca9ff3 elementor-widget-mobile__width-initial elementor-widget__width-initial elementor-widget elementor-widget-heading\" data-id=\"fca9ff3\" data-element_type=\"widget\" data-e-type=\"widget\" data-widget_type=\"heading.default\">\n\t\t\t\t<div class=\"elementor-widget-container\">\n\t\t\t\t\t<h2 class=\"elementor-heading-title elementor-size-default\"><a href=\"https:\/\/holdtgrafik.kollits.dk\/index.php\/grundforlob\/\">RIKKE L\u00d8BNER HOLDT<\/a><\/h2>\t\t\t\t<\/div>\n\t\t\t\t<\/div>\n\t\t\t\t<div class=\"elementor-element elementor-element-36e353a elementor-widget-mobile__width-initial elementor-widget-tablet__width-initial elementor-widget elementor-widget-heading\" data-id=\"36e353a\" data-element_type=\"widget\" data-e-type=\"widget\" data-widget_type=\"heading.default\">\n\t\t\t\t<div class=\"elementor-widget-container\">\n\t\t\t\t\t<h4 class=\"elementor-heading-title elementor-size-default\"><strong style=\"color: #2E2E2E\">Navn:<\/strong> Rikke L\u00f8bner Holdt<br>\n<strong style=\"color: #2E2E2E\">Alder:<\/strong> 20 \u00e5r<br>\n<strong style=\"color: #2E2E2E\">F\u00f8dt:<\/strong> 17. maj 2005<br>\n<strong style=\"color: #2E2E2E\">Adresse\/by:<\/strong> Ribe<br><i>\n<\/i><strong style=\"color: #2E2E2E\">E-mail:<\/strong> rikkeholdt1705@gmail.com<br>\n<strong style=\"color: #2E2E2E\">Uddannelse:<\/strong> Mediegrafiker<br>\n<strong style=\"color: #2E2E2E\">Arbejdsplads:<\/strong> NiceHair, Esbjerg<br>\n<strong style=\"color: #2E2E2E\">Interesser:<\/strong> Spille, teater, v\u00e6re kreativ sammen med venner<br>\n<strong style=\"color: #2E2E2E\">Sprog:<\/strong> Dansk og engelsk<\/h4>\t\t\t\t<\/div>\n\t\t\t\t<\/div>\n\t\t\t\t\t<\/div>\n\t\t\t\t<\/div>\n\t\t\t\t<\/div>\n\t\t\t\t<\/div>\n\t\t\t\t<\/div>\n\t\t<div class=\"elementor-element elementor-element-7fa1614 e-con-full e-flex e-con e-parent\" data-id=\"7fa1614\" data-element_type=\"container\" data-e-type=\"container\">\n\t\t\t\t<div class=\"elementor-element elementor-element-10bd42f elementor-widget elementor-widget-heading\" data-id=\"10bd42f\" data-element_type=\"widget\" data-e-type=\"widget\" data-widget_type=\"heading.default\">\n\t\t\t\t<div class=\"elementor-widget-container\">\n\t\t\t\t\t<h2 class=\"elementor-heading-title elementor-size-default\">Adobe programmer jeg kan<\/h2>\t\t\t\t<\/div>\n\t\t\t\t<\/div>\n\t\t<div class=\"elementor-element elementor-element-ad3d8e7 e-con-full e-flex e-con e-child\" data-id=\"ad3d8e7\" data-element_type=\"container\" data-e-type=\"container\">\n\t\t<div class=\"elementor-element elementor-element-229db60 e-grid e-con-full e-con e-child\" data-id=\"229db60\" data-element_type=\"container\" data-e-type=\"container\">\n\t\t\t\t<div class=\"elementor-element elementor-element-e78bab9 elementor-widget elementor-widget-image\" data-id=\"e78bab9\" data-element_type=\"widget\" data-e-type=\"widget\" data-widget_type=\"image.default\">\n\t\t\t\t<div class=\"elementor-widget-container\">\n\t\t\t\t\t\t\t\t\t\t\t\t\t\t\t<img fetchpriority=\"high\" decoding=\"async\" width=\"250\" height=\"317\" src=\"https:\/\/holdtgrafik.dk\/wp-content\/uploads\/2025\/09\/1.svg\" class=\"attachment-large size-large wp-image-2707\" alt=\"\" \/>\t\t\t\t\t\t\t\t\t\t\t\t\t\t\t<\/div>\n\t\t\t\t<\/div>\n\t\t\t\t<div class=\"elementor-element elementor-element-7fee551 elementor-widget elementor-widget-image\" data-id=\"7fee551\" data-element_type=\"widget\" data-e-type=\"widget\" data-widget_type=\"image.default\">\n\t\t\t\t<div class=\"elementor-widget-container\">\n\t\t\t\t\t\t\t\t\t\t\t\t\t\t\t<img decoding=\"async\" width=\"250\" height=\"309\" src=\"https:\/\/holdtgrafik.dk\/wp-content\/uploads\/2025\/09\/2.svg\" class=\"attachment-large size-large wp-image-2708\" alt=\"\" \/>\t\t\t\t\t\t\t\t\t\t\t\t\t\t\t<\/div>\n\t\t\t\t<\/div>\n\t\t\t\t<div class=\"elementor-element elementor-element-d9eb2ca elementor-widget elementor-widget-image\" data-id=\"d9eb2ca\" data-element_type=\"widget\" data-e-type=\"widget\" data-widget_type=\"image.default\">\n\t\t\t\t<div class=\"elementor-widget-container\">\n\t\t\t\t\t\t\t\t\t\t\t\t\t\t\t<img decoding=\"async\" width=\"250\" height=\"317\" src=\"https:\/\/holdtgrafik.dk\/wp-content\/uploads\/2025\/09\/3.svg\" class=\"attachment-large size-large wp-image-2709\" alt=\"\" \/>\t\t\t\t\t\t\t\t\t\t\t\t\t\t\t<\/div>\n\t\t\t\t<\/div>\n\t\t\t\t<div class=\"elementor-element elementor-element-b9d440d elementor-widget elementor-widget-image\" data-id=\"b9d440d\" data-element_type=\"widget\" data-e-type=\"widget\" data-widget_type=\"image.default\">\n\t\t\t\t<div class=\"elementor-widget-container\">\n\t\t\t\t\t\t\t\t\t\t\t\t\t\t\t<img loading=\"lazy\" decoding=\"async\" width=\"250\" height=\"309\" src=\"https:\/\/holdtgrafik.dk\/wp-content\/uploads\/2025\/09\/4.svg\" class=\"attachment-large size-large wp-image-2710\" alt=\"\" \/>\t\t\t\t\t\t\t\t\t\t\t\t\t\t\t<\/div>\n\t\t\t\t<\/div>\n\t\t\t\t<div class=\"elementor-element elementor-element-836833a elementor-widget elementor-widget-image\" data-id=\"836833a\" data-element_type=\"widget\" data-e-type=\"widget\" data-widget_type=\"image.default\">\n\t\t\t\t<div class=\"elementor-widget-container\">\n\t\t\t\t\t\t\t\t\t\t\t\t\t\t\t<img loading=\"lazy\" decoding=\"async\" width=\"250\" height=\"317\" src=\"https:\/\/holdtgrafik.dk\/wp-content\/uploads\/2025\/09\/5.svg\" class=\"attachment-large size-large wp-image-2703\" alt=\"\" \/>\t\t\t\t\t\t\t\t\t\t\t\t\t\t\t<\/div>\n\t\t\t\t<\/div>\n\t\t\t\t<div class=\"elementor-element elementor-element-c8b0856 elementor-widget elementor-widget-image\" data-id=\"c8b0856\" data-element_type=\"widget\" data-e-type=\"widget\" data-widget_type=\"image.default\">\n\t\t\t\t<div class=\"elementor-widget-container\">\n\t\t\t\t\t\t\t\t\t\t\t\t\t\t\t<img loading=\"lazy\" decoding=\"async\" width=\"250\" height=\"309\" src=\"https:\/\/holdtgrafik.dk\/wp-content\/uploads\/2025\/09\/6.svg\" class=\"attachment-large size-large wp-image-2704\" alt=\"\" \/>\t\t\t\t\t\t\t\t\t\t\t\t\t\t\t<\/div>\n\t\t\t\t<\/div>\n\t\t\t\t<div class=\"elementor-element elementor-element-806bc40 elementor-widget elementor-widget-image\" data-id=\"806bc40\" data-element_type=\"widget\" data-e-type=\"widget\" data-widget_type=\"image.default\">\n\t\t\t\t<div class=\"elementor-widget-container\">\n\t\t\t\t\t\t\t\t\t\t\t\t\t\t\t<img loading=\"lazy\" decoding=\"async\" width=\"250\" height=\"362\" src=\"https:\/\/holdtgrafik.dk\/wp-content\/uploads\/2025\/09\/7.svg\" class=\"attachment-large size-large wp-image-2705\" alt=\"\" \/>\t\t\t\t\t\t\t\t\t\t\t\t\t\t\t<\/div>\n\t\t\t\t<\/div>\n\t\t\t\t<div class=\"elementor-element elementor-element-fd1218d elementor-widget elementor-widget-image\" data-id=\"fd1218d\" data-element_type=\"widget\" data-e-type=\"widget\" data-widget_type=\"image.default\">\n\t\t\t\t<div class=\"elementor-widget-container\">\n\t\t\t\t\t\t\t\t\t\t\t\t\t\t\t<img loading=\"lazy\" decoding=\"async\" width=\"250\" height=\"309\" src=\"https:\/\/holdtgrafik.dk\/wp-content\/uploads\/2025\/09\/8.svg\" class=\"attachment-large size-large wp-image-2711\" alt=\"\" \/>\t\t\t\t\t\t\t\t\t\t\t\t\t\t\t<\/div>\n\t\t\t\t<\/div>\n\t\t\t\t<div class=\"elementor-element elementor-element-5231dc6 elementor-widget elementor-widget-image\" data-id=\"5231dc6\" data-element_type=\"widget\" data-e-type=\"widget\" data-widget_type=\"image.default\">\n\t\t\t\t<div class=\"elementor-widget-container\">\n\t\t\t\t\t\t\t\t\t\t\t\t\t\t\t<img loading=\"lazy\" decoding=\"async\" width=\"250\" height=\"309\" src=\"https:\/\/holdtgrafik.dk\/wp-content\/uploads\/2025\/09\/9.svg\" class=\"attachment-large size-large wp-image-2706\" alt=\"\" \/>\t\t\t\t\t\t\t\t\t\t\t\t\t\t\t<\/div>\n\t\t\t\t<\/div>\n\t\t\t\t<div class=\"elementor-element elementor-element-bdd50b3 elementor-widget-divider--view-line elementor-widget elementor-widget-divider\" data-id=\"bdd50b3\" data-element_type=\"widget\" data-e-type=\"widget\" data-widget_type=\"divider.default\">\n\t\t\t\t<div class=\"elementor-widget-container\">\n\t\t\t\t\t\t\t<div class=\"elementor-divider\">\n\t\t\t<span class=\"elementor-divider-separator\">\n\t\t\t\t\t\t<\/span>\n\t\t<\/div>\n\t\t\t\t\t\t<\/div>\n\t\t\t\t<\/div>\n\t\t\t\t<\/div>\n\t\t\t\t<\/div>\n\t\t\t\t<\/div>\n\t\t<div class=\"elementor-element elementor-element-573d0b5 e-flex e-con-boxed e-con e-parent\" data-id=\"573d0b5\" data-element_type=\"container\" data-e-type=\"container\">\n\t\t\t\t\t<div class=\"e-con-inner\">\n\t\t\t\t<div class=\"elementor-element elementor-element-ad308f1 elementor-widget elementor-widget-heading\" data-id=\"ad308f1\" data-element_type=\"widget\" data-e-type=\"widget\" data-widget_type=\"heading.default\">\n\t\t\t\t<div class=\"elementor-widget-container\">\n\t\t\t\t\t<h2 class=\"elementor-heading-title elementor-size-default\">Om mig<\/h2>\t\t\t\t<\/div>\n\t\t\t\t<\/div>\n\t\t\t\t\t<\/div>\n\t\t\t\t<\/div>\n\t\t<div class=\"elementor-element elementor-element-27006c4 e-con-full e-flex e-con e-parent\" data-id=\"27006c4\" data-element_type=\"container\" data-e-type=\"container\">\n\t\t<div class=\"elementor-element elementor-element-a1acd45 e-con-full e-flex e-con e-child\" data-id=\"a1acd45\" data-element_type=\"container\" data-e-type=\"container\">\n\t\t<div class=\"elementor-element elementor-element-60847c0 e-con-full e-flex e-con e-child\" data-id=\"60847c0\" data-element_type=\"container\" data-e-type=\"container\">\n\t\t<div class=\"elementor-element elementor-element-cda540d e-flex e-con-boxed e-con e-child\" data-id=\"cda540d\" data-element_type=\"container\" data-e-type=\"container\">\n\t\t\t\t\t<div class=\"e-con-inner\">\n\t\t\t\t<div class=\"elementor-element elementor-element-85445f7 elementor-widget-mobile__width-initial elementor-widget-tablet__width-initial elementor-widget__width-initial elementor-widget elementor-widget-heading\" data-id=\"85445f7\" data-element_type=\"widget\" data-e-type=\"widget\" data-widget_type=\"heading.default\">\n\t\t\t\t<div class=\"elementor-widget-container\">\n\t\t\t\t\t<h4 class=\"elementor-heading-title elementor-size-default\"><p>\nMit navn er <strong style=\"color:  #2E2E2E\">Rikke L\u00f8bner Holdt<\/strong>, og jeg er <strong style=\"color:  #2E2E2E\">20 \u00e5r gammel<\/strong> med en passion for <strong style=\"color: #2E2E2E\">kreativitet og design<\/strong>. Min interesse for det <strong style=\"color: #2E2E2E\">kreative univers<\/strong> startede tidligt, men min vej dertil har v\u00e6ret alt andet end lige. I skolen fik jeg at vide, at jeg nok ikke ville klare mig godt i erhvervslivet p\u00e5 grund af <strong style=\"color:  #2E2E2E\">udfordringer med stavning<\/strong> \u2013 noget jeg har arbejdet m\u00e5lrettet med, og som har styrket min <strong style=\"color:  #2E2E2E\">vilje og vedholdenhed<\/strong>.\n<br><br>\nValget om at tage p\u00e5 <strong style=\"color:  #2E2E2E\">Skanderup Efterskole<\/strong> i 10. klasse blev <strong style=\"color:  #2E2E2E\">et vendepunkt i mit liv<\/strong>. Det var rart at komme v\u00e6k fra skoleb\u00e6nken og ind i et st\u00f8rre <strong style=\"color:  #2E2E2E\">f\u00e6llesskab<\/strong>, hvor jeg kunne udfolde min kreativitet og opdage, hvad jeg virkelig br\u00e6nder for. Under praktikken som <strong style=\"color:  #2E2E2E\">mediegrafiker p\u00e5 Hansenberg<\/strong> fandt jeg hurtigt ud af, at det var her, jeg ville bygge min karriere.\n<br><br>\nEfter at have gennemf\u00f8rt <strong style=\"color:  #2E2E2E\">GF1 og GF2<\/strong> og et \u00e5r i <strong style=\"color:  #2E2E2E\">skolepraktik<\/strong> fortsatte min rejse p\u00e5 <strong style=\"color:  #2E2E2E\">HF1<\/strong>. Kort efter blev jeg indkaldt til samtale hos <strong style=\"color:  #2E2E2E\">NiceHair<\/strong>, hvor jeg f\u00f8rst fik tilbudt <strong style=\"color:  #2E2E2E\">praktik<\/strong> og senere en <strong style=\"color:  #2E2E2E\">l\u00e6replads<\/strong> \u2013 et tilbud jeg med gl\u00e6de sagde ja til. I dag har jeg v\u00e6ret hos dem i over <strong style=\"color:  #2E2E2E\">et \u00e5r<\/strong> og elsker at v\u00e6re en del af et <strong style=\"color:  #2E2E2E\">kreativt og inspirerende milj\u00f8<\/strong>.\n<br><br>\nJeg er en <strong style=\"color:  #2E2E2E\">positiv og nysgerrig person<\/strong>, som elsker at skabe og v\u00e6re kreativ \u2013 b\u00e5de gennem <strong style=\"color:  #2E2E2E\">design, musicals, animationsfilm<\/strong> og <strong style=\"color:  #2E2E2E\">kreative projekter sammen med venner<\/strong>. Jeg trives i <strong style=\"color:  #2E2E2E\">f\u00e6llesskaber<\/strong>, hvor man kan dele id\u00e9er og skabe noget sammen, og jeg str\u00e6ber altid efter at <strong style=\"color:  #2E2E2E\">udvikle mig<\/strong>, b\u00e5de fagligt og personligt.\n<\/p>\n<\/h4>\t\t\t\t<\/div>\n\t\t\t\t<\/div>\n\t\t\t\t\t<\/div>\n\t\t\t\t<\/div>\n\t\t\t\t<\/div>\n\t\t\t\t<\/div>\n\t\t\t\t<div class=\"elementor-element elementor-element-ba85779 elementor-widget elementor-widget-spacer\" data-id=\"ba85779\" data-element_type=\"widget\" data-e-type=\"widget\" data-widget_type=\"spacer.default\">\n\t\t\t\t<div class=\"elementor-widget-container\">\n\t\t\t\t\t\t\t<div class=\"elementor-spacer\">\n\t\t\t<div class=\"elementor-spacer-inner\"><\/div>\n\t\t<\/div>\n\t\t\t\t\t\t<\/div>\n\t\t\t\t<\/div>\n\t\t\t\t<\/div>\n\t\t<div class=\"elementor-element elementor-element-eab6860 e-flex e-con-boxed e-con e-parent\" data-id=\"eab6860\" data-element_type=\"container\" data-e-type=\"container\">\n\t\t\t\t\t<div class=\"e-con-inner\">\n\t\t\t\t<div class=\"elementor-element elementor-element-118617e elementor-widget elementor-widget-spacer\" data-id=\"118617e\" data-element_type=\"widget\" data-e-type=\"widget\" data-widget_type=\"spacer.default\">\n\t\t\t\t<div class=\"elementor-widget-container\">\n\t\t\t\t\t\t\t<div class=\"elementor-spacer\">\n\t\t\t<div class=\"elementor-spacer-inner\"><\/div>\n\t\t<\/div>\n\t\t\t\t\t\t<\/div>\n\t\t\t\t<\/div>\n\t\t\t\t\t<\/div>\n\t\t\t\t<\/div>\n\t\t\t\t<\/div>\n\t\t","protected":false},"excerpt":{"rendered":"<p>RIKKE L\u00d8BNER HOLDT Navn: Rikke L\u00f8bner Holdt Alder: 20 \u00e5r F\u00f8dt: 17. maj 2005 Adresse\/by: Ribe E-mail: rikkeholdt1705@gmail.com Uddannelse: Mediegrafiker Arbejdsplads: NiceHair, Esbjerg Interesser: Spille, teater, v\u00e6re kreativ sammen med venner Sprog: Dansk og engelsk Adobe programmer jeg kan Om &hellip;<\/p>\n<p class=\"read-more\"> <a class=\"more-link\" href=\"https:\/\/holdtgrafik.dk\/index.php\/om-mig\/\"> <span class=\"screen-reader-text\">BAG SK\u00c6RMEN<\/span> Read More &raquo;<\/a><\/p>\n","protected":false},"author":2,"featured_media":0,"parent":0,"menu_order":0,"comment_status":"closed","ping_status":"closed","template":"","meta":{"footnotes":""},"class_list":["post-2608","page","type-page","status-publish","hentry"],"yoast_head":"<!-- This site is optimized with the Yoast SEO plugin v27.2 - https:\/\/yoast.com\/product\/yoast-seo-wordpress\/ -->\n<title>BAG SK\u00c6RMEN - Holdtgrafik<\/title>\n<meta name=\"robots\" content=\"index, follow, max-snippet:-1, max-image-preview:large, max-video-preview:-1\" \/>\n<link rel=\"canonical\" href=\"https:\/\/holdtgrafik.dk\/index.php\/om-mig\/\" \/>\n<meta property=\"og:locale\" content=\"en_US\" \/>\n<meta property=\"og:type\" content=\"article\" \/>\n<meta property=\"og:title\" content=\"BAG SK\u00c6RMEN - Holdtgrafik\" \/>\n<meta property=\"og:description\" content=\"RIKKE L\u00d8BNER HOLDT Navn: Rikke L\u00f8bner Holdt Alder: 20 \u00e5r F\u00f8dt: 17. maj 2005 Adresse\/by: Ribe E-mail: rikkeholdt1705@gmail.com Uddannelse: Mediegrafiker Arbejdsplads: NiceHair, Esbjerg Interesser: Spille, teater, v\u00e6re kreativ sammen med venner Sprog: Dansk og engelsk Adobe programmer jeg kan Om &hellip; BAG SK\u00c6RMEN Read More &raquo;\" \/>\n<meta property=\"og:url\" content=\"https:\/\/holdtgrafik.dk\/index.php\/om-mig\/\" \/>\n<meta property=\"og:site_name\" content=\"Holdtgrafik\" \/>\n<meta property=\"article:modified_time\" content=\"2026-03-16T18:45:20+00:00\" \/>\n<meta property=\"og:image\" content=\"http:\/\/holdtgrafik.dk\/wp-content\/uploads\/elementor\/thumbs\/Rikke-rbqskzx31rz107587pbez3hu4opsj69ywwssk0pvvu.png\" \/>\n<meta name=\"twitter:card\" content=\"summary_large_image\" \/>\n<meta name=\"twitter:label1\" content=\"Est. reading time\" \/>\n\t<meta name=\"twitter:data1\" content=\"4 minutes\" \/>\n<script type=\"application\/ld+json\" class=\"yoast-schema-graph\">{\"@context\":\"https:\/\/schema.org\",\"@graph\":[{\"@type\":\"WebPage\",\"@id\":\"https:\/\/holdtgrafik.dk\/index.php\/om-mig\/\",\"url\":\"https:\/\/holdtgrafik.dk\/index.php\/om-mig\/\",\"name\":\"BAG SK\u00c6RMEN - Holdtgrafik\",\"isPartOf\":{\"@id\":\"https:\/\/holdtgrafik.dk\/#website\"},\"primaryImageOfPage\":{\"@id\":\"https:\/\/holdtgrafik.dk\/index.php\/om-mig\/#primaryimage\"},\"image\":{\"@id\":\"https:\/\/holdtgrafik.dk\/index.php\/om-mig\/#primaryimage\"},\"thumbnailUrl\":\"http:\/\/holdtgrafik.dk\/wp-content\/uploads\/elementor\/thumbs\/Rikke-rbqskzx31rz107587pbez3hu4opsj69ywwssk0pvvu.png\",\"datePublished\":\"2025-09-17T08:33:29+00:00\",\"dateModified\":\"2026-03-16T18:45:20+00:00\",\"breadcrumb\":{\"@id\":\"https:\/\/holdtgrafik.dk\/index.php\/om-mig\/#breadcrumb\"},\"inLanguage\":\"en-US\",\"potentialAction\":[{\"@type\":\"ReadAction\",\"target\":[\"https:\/\/holdtgrafik.dk\/index.php\/om-mig\/\"]}]},{\"@type\":\"ImageObject\",\"inLanguage\":\"en-US\",\"@id\":\"https:\/\/holdtgrafik.dk\/index.php\/om-mig\/#primaryimage\",\"url\":\"http:\/\/holdtgrafik.dk\/wp-content\/uploads\/elementor\/thumbs\/Rikke-rbqskzx31rz107587pbez3hu4opsj69ywwssk0pvvu.png\",\"contentUrl\":\"http:\/\/holdtgrafik.dk\/wp-content\/uploads\/elementor\/thumbs\/Rikke-rbqskzx31rz107587pbez3hu4opsj69ywwssk0pvvu.png\"},{\"@type\":\"BreadcrumbList\",\"@id\":\"https:\/\/holdtgrafik.dk\/index.php\/om-mig\/#breadcrumb\",\"itemListElement\":[{\"@type\":\"ListItem\",\"position\":1,\"name\":\"Home\",\"item\":\"https:\/\/holdtgrafik.dk\/\"},{\"@type\":\"ListItem\",\"position\":2,\"name\":\"BAG SK\u00c6RMEN\"}]},{\"@type\":\"WebSite\",\"@id\":\"https:\/\/holdtgrafik.dk\/#website\",\"url\":\"https:\/\/holdtgrafik.dk\/\",\"name\":\"Holdtgrafik\",\"description\":\"Mediegrafiker portfolio\",\"potentialAction\":[{\"@type\":\"SearchAction\",\"target\":{\"@type\":\"EntryPoint\",\"urlTemplate\":\"https:\/\/holdtgrafik.dk\/?s={search_term_string}\"},\"query-input\":{\"@type\":\"PropertyValueSpecification\",\"valueRequired\":true,\"valueName\":\"search_term_string\"}}],\"inLanguage\":\"en-US\"}]}<\/script>\n<!-- \/ Yoast SEO plugin. -->","yoast_head_json":{"title":"BAG SK\u00c6RMEN - Holdtgrafik","robots":{"index":"index","follow":"follow","max-snippet":"max-snippet:-1","max-image-preview":"max-image-preview:large","max-video-preview":"max-video-preview:-1"},"canonical":"https:\/\/holdtgrafik.dk\/index.php\/om-mig\/","og_locale":"en_US","og_type":"article","og_title":"BAG SK\u00c6RMEN - Holdtgrafik","og_description":"RIKKE L\u00d8BNER HOLDT Navn: Rikke L\u00f8bner Holdt Alder: 20 \u00e5r F\u00f8dt: 17. maj 2005 Adresse\/by: Ribe E-mail: rikkeholdt1705@gmail.com Uddannelse: Mediegrafiker Arbejdsplads: NiceHair, Esbjerg Interesser: Spille, teater, v\u00e6re kreativ sammen med venner Sprog: Dansk og engelsk Adobe programmer jeg kan Om &hellip; BAG SK\u00c6RMEN Read More &raquo;","og_url":"https:\/\/holdtgrafik.dk\/index.php\/om-mig\/","og_site_name":"Holdtgrafik","article_modified_time":"2026-03-16T18:45:20+00:00","og_image":[{"url":"http:\/\/holdtgrafik.dk\/wp-content\/uploads\/elementor\/thumbs\/Rikke-rbqskzx31rz107587pbez3hu4opsj69ywwssk0pvvu.png","type":"","width":"","height":""}],"twitter_card":"summary_large_image","twitter_misc":{"Est. reading time":"4 minutes"},"schema":{"@context":"https:\/\/schema.org","@graph":[{"@type":"WebPage","@id":"https:\/\/holdtgrafik.dk\/index.php\/om-mig\/","url":"https:\/\/holdtgrafik.dk\/index.php\/om-mig\/","name":"BAG SK\u00c6RMEN - Holdtgrafik","isPartOf":{"@id":"https:\/\/holdtgrafik.dk\/#website"},"primaryImageOfPage":{"@id":"https:\/\/holdtgrafik.dk\/index.php\/om-mig\/#primaryimage"},"image":{"@id":"https:\/\/holdtgrafik.dk\/index.php\/om-mig\/#primaryimage"},"thumbnailUrl":"http:\/\/holdtgrafik.dk\/wp-content\/uploads\/elementor\/thumbs\/Rikke-rbqskzx31rz107587pbez3hu4opsj69ywwssk0pvvu.png","datePublished":"2025-09-17T08:33:29+00:00","dateModified":"2026-03-16T18:45:20+00:00","breadcrumb":{"@id":"https:\/\/holdtgrafik.dk\/index.php\/om-mig\/#breadcrumb"},"inLanguage":"en-US","potentialAction":[{"@type":"ReadAction","target":["https:\/\/holdtgrafik.dk\/index.php\/om-mig\/"]}]},{"@type":"ImageObject","inLanguage":"en-US","@id":"https:\/\/holdtgrafik.dk\/index.php\/om-mig\/#primaryimage","url":"http:\/\/holdtgrafik.dk\/wp-content\/uploads\/elementor\/thumbs\/Rikke-rbqskzx31rz107587pbez3hu4opsj69ywwssk0pvvu.png","contentUrl":"http:\/\/holdtgrafik.dk\/wp-content\/uploads\/elementor\/thumbs\/Rikke-rbqskzx31rz107587pbez3hu4opsj69ywwssk0pvvu.png"},{"@type":"BreadcrumbList","@id":"https:\/\/holdtgrafik.dk\/index.php\/om-mig\/#breadcrumb","itemListElement":[{"@type":"ListItem","position":1,"name":"Home","item":"https:\/\/holdtgrafik.dk\/"},{"@type":"ListItem","position":2,"name":"BAG SK\u00c6RMEN"}]},{"@type":"WebSite","@id":"https:\/\/holdtgrafik.dk\/#website","url":"https:\/\/holdtgrafik.dk\/","name":"Holdtgrafik","description":"Mediegrafiker portfolio","potentialAction":[{"@type":"SearchAction","target":{"@type":"EntryPoint","urlTemplate":"https:\/\/holdtgrafik.dk\/?s={search_term_string}"},"query-input":{"@type":"PropertyValueSpecification","valueRequired":true,"valueName":"search_term_string"}}],"inLanguage":"en-US"}]}},"_links":{"self":[{"href":"https:\/\/holdtgrafik.dk\/index.php\/wp-json\/wp\/v2\/pages\/2608","targetHints":{"allow":["GET"]}}],"collection":[{"href":"https:\/\/holdtgrafik.dk\/index.php\/wp-json\/wp\/v2\/pages"}],"about":[{"href":"https:\/\/holdtgrafik.dk\/index.php\/wp-json\/wp\/v2\/types\/page"}],"author":[{"embeddable":true,"href":"https:\/\/holdtgrafik.dk\/index.php\/wp-json\/wp\/v2\/users\/2"}],"replies":[{"embeddable":true,"href":"https:\/\/holdtgrafik.dk\/index.php\/wp-json\/wp\/v2\/comments?post=2608"}],"version-history":[{"count":267,"href":"https:\/\/holdtgrafik.dk\/index.php\/wp-json\/wp\/v2\/pages\/2608\/revisions"}],"predecessor-version":[{"id":3588,"href":"https:\/\/holdtgrafik.dk\/index.php\/wp-json\/wp\/v2\/pages\/2608\/revisions\/3588"}],"wp:attachment":[{"href":"https:\/\/holdtgrafik.dk\/index.php\/wp-json\/wp\/v2\/media?parent=2608"}],"curies":[{"name":"wp","href":"https:\/\/api.w.org\/{rel}","templated":true}]}}