{"id":739,"date":"2024-09-12T10:01:42","date_gmt":"2024-09-12T10:01:42","guid":{"rendered":"https:\/\/holdtgrafik.kollits.dk\/?page_id=739"},"modified":"2024-09-12T19:04:40","modified_gmt":"2024-09-12T19:04:40","slug":"portfolio","status":"publish","type":"page","link":"https:\/\/holdtgrafik.dk\/index.php\/portfolio\/","title":{"rendered":"PORTFOLIO"},"content":{"rendered":"\t\t<div data-elementor-type=\"wp-page\" data-elementor-id=\"739\" class=\"elementor elementor-739\">\n\t\t\t\t<div class=\"elementor-element elementor-element-23be8e8 e-flex e-con-boxed e-con e-child\" data-id=\"23be8e8\" data-element_type=\"container\" data-e-type=\"container\">\n\t\t\t\t\t<div class=\"e-con-inner\">\n\t\t\t\t<div class=\"elementor-element elementor-element-2b28616 elementor-widget-tablet__width-initial elementor-widget elementor-widget-heading\" data-id=\"2b28616\" data-element_type=\"widget\" data-e-type=\"widget\" data-widget_type=\"heading.default\">\n\t\t\t\t<div class=\"elementor-widget-container\">\n\t\t\t\t\t<h1 class=\"elementor-heading-title elementor-size-default\">PORTFOLIO<\/h1>\t\t\t\t<\/div>\n\t\t\t\t<\/div>\n\t\t\t\t<div class=\"elementor-element elementor-element-1d34e51 elementor-widget__width-initial elementor-widget elementor-widget-heading\" data-id=\"1d34e51\" data-element_type=\"widget\" data-e-type=\"widget\" data-widget_type=\"heading.default\">\n\t\t\t\t<div class=\"elementor-widget-container\">\n\t\t\t\t\t<h3 class=\"elementor-heading-title elementor-size-default\">Herinde er hvor i kan se det ikke skole relateret arbejde, noget jeg enden har lavet for sjovt eller fordi jeg ville \u00f8ve mig p\u00e5 de forskellige programmer. <\/h3>\t\t\t\t<\/div>\n\t\t\t\t<\/div>\n\t\t\t\t<div class=\"elementor-element elementor-element-123f215 elementor-widget-divider--separator-type-pattern elementor-widget-divider--no-spacing elementor-widget-divider--view-line elementor-widget elementor-widget-divider\" data-id=\"123f215\" data-element_type=\"widget\" data-e-type=\"widget\" data-widget_type=\"divider.default\">\n\t\t\t\t<div class=\"elementor-widget-container\">\n\t\t\t\t\t\t\t<div class=\"elementor-divider\" style=\"--divider-pattern-url: url(&quot;data:image\/svg+xml,%3Csvg xmlns=&#039;http:\/\/www.w3.org\/2000\/svg&#039; preserveAspectRatio=&#039;xMidYMid meet&#039; overflow=&#039;visible&#039; height=&#039;100%&#039; viewBox=&#039;0 0 126 26&#039; fill=&#039;black&#039; stroke=&#039;none&#039;%3E%3Cpath d=&#039;M10.7,6l2.5,2.6l-4,4.3l4,5.4l-2.5,1.9l-4.5-5.2l-3.9,4.2L0.7,17L4,13.1L0,8.6l2.3-1.3l3.9,3.9L10.7,6z M23.9,6.6l4.2,4.5L32,7.2l2.3,1.3l-4,4.5l3.2,3.9L32,19.1l-3.9-3.3l-4.5,4.3l-2.5-1.9l4.4-5.1l-4.2-3.9L23.9,6.6zM73.5,6L76,8.6l-4,4.3l4,5.4l-2.5,1.9l-4.5-5.2l-3.9,4.2L63.5,17l4.1-4.7L63.5,8l2.3-1.3l4.1,3.6L73.5,6z M94,6l2.5,2.6l-4,4.3l4,5.4L94,20.1l-3.9-5l-3.9,4.2L84,17l3.2-3.9L84,8.6l2.3-1.3l3.2,3.9L94,6z M106.9,6l4.5,5.1l3.9-3.9l2.3,1.3l-4,4.5l3.2,3.9l-1.6,2.1l-3.9-4.2l-4.5,5.2l-2.5-1.9l4-5.4l-4-4.3L106.9,6z M53.1,6l2.5,2.6l-4,4.3l4,4.6l-2.5,1.9l-4.5-4.5l-3.5,4.5L43.1,17l3.2-3.9l-4-4.5l2.3-1.3l3.9,3.9L53.1,6z&#039;\/%3E%3C\/svg%3E&quot;);\">\n\t\t\t<span class=\"elementor-divider-separator\">\n\t\t\t\t\t\t<\/span>\n\t\t<\/div>\n\t\t\t\t\t\t<\/div>\n\t\t\t\t<\/div>\n\t\t\t\t\t<\/div>\n\t\t\t\t<\/div>\n\t\t<div class=\"elementor-element elementor-element-34aee9a e-grid e-con-boxed e-con e-parent\" data-id=\"34aee9a\" data-element_type=\"container\" data-e-type=\"container\">\n\t\t\t\t\t<div class=\"e-con-inner\">\n\t\t<div class=\"elementor-element elementor-element-dfd61e8 e-con-full e-flex e-con e-child\" data-id=\"dfd61e8\" data-element_type=\"container\" data-e-type=\"container\">\n\t\t<div class=\"elementor-element elementor-element-20dfe99 e-con-full e-flex e-con e-child\" data-id=\"20dfe99\" data-element_type=\"container\" data-e-type=\"container\">\n\t\t\t\t<div class=\"elementor-element elementor-element-d1c353c elementor-pagination-position-outside elementor-widget elementor-widget-image-carousel\" data-id=\"d1c353c\" data-element_type=\"widget\" data-e-type=\"widget\" data-settings=\"{&quot;slides_to_show&quot;:&quot;1&quot;,&quot;navigation&quot;:&quot;dots&quot;,&quot;autoplay&quot;:&quot;yes&quot;,&quot;pause_on_hover&quot;:&quot;yes&quot;,&quot;pause_on_interaction&quot;:&quot;yes&quot;,&quot;autoplay_speed&quot;:5000,&quot;infinite&quot;:&quot;yes&quot;,&quot;effect&quot;:&quot;slide&quot;,&quot;speed&quot;:500}\" data-widget_type=\"image-carousel.default\">\n\t\t\t\t<div class=\"elementor-widget-container\">\n\t\t\t\t\t\t\t<div class=\"elementor-image-carousel-wrapper swiper\" role=\"region\" aria-roledescription=\"carousel\" aria-label=\"Image Carousel\" dir=\"ltr\">\n\t\t\t<div class=\"elementor-image-carousel swiper-wrapper\" aria-live=\"off\">\n\t\t\t\t\t\t\t\t<div class=\"swiper-slide\" role=\"group\" aria-roledescription=\"slide\" aria-label=\"1 of 5\"><figure class=\"swiper-slide-inner\"><img decoding=\"async\" class=\"swiper-slide-image\" src=\"https:\/\/holdtgrafik.dk\/wp-content\/uploads\/2024\/09\/1-scaled.jpg\" alt=\"1\" \/><\/figure><\/div><div class=\"swiper-slide\" role=\"group\" aria-roledescription=\"slide\" aria-label=\"2 of 5\"><figure class=\"swiper-slide-inner\"><img decoding=\"async\" class=\"swiper-slide-image\" src=\"https:\/\/holdtgrafik.dk\/wp-content\/uploads\/2024\/09\/5-scaled.jpg\" alt=\"5\" \/><\/figure><\/div><div class=\"swiper-slide\" role=\"group\" aria-roledescription=\"slide\" aria-label=\"3 of 5\"><figure class=\"swiper-slide-inner\"><img decoding=\"async\" class=\"swiper-slide-image\" src=\"https:\/\/holdtgrafik.dk\/wp-content\/uploads\/2024\/09\/3-scaled.jpg\" alt=\"3\" \/><\/figure><\/div><div class=\"swiper-slide\" role=\"group\" aria-roledescription=\"slide\" aria-label=\"4 of 5\"><figure class=\"swiper-slide-inner\"><img decoding=\"async\" class=\"swiper-slide-image\" src=\"https:\/\/holdtgrafik.dk\/wp-content\/uploads\/2024\/09\/2-scaled.jpg\" alt=\"2\" \/><\/figure><\/div><div class=\"swiper-slide\" role=\"group\" aria-roledescription=\"slide\" aria-label=\"5 of 5\"><figure class=\"swiper-slide-inner\"><img decoding=\"async\" class=\"swiper-slide-image\" src=\"https:\/\/holdtgrafik.dk\/wp-content\/uploads\/2024\/09\/4-scaled.jpg\" alt=\"4\" \/><\/figure><\/div>\t\t\t<\/div>\n\t\t\t\t\t\t\t\n\t\t\t\t\t\t\t\t\t<div class=\"swiper-pagination\"><\/div>\n\t\t\t\t\t\t\t\t\t<\/div>\n\t\t\t\t\t\t<\/div>\n\t\t\t\t<\/div>\n\t\t\t\t<\/div>\n\t\t<div class=\"elementor-element elementor-element-9ab8ebb e-con-full e-flex e-con e-child\" data-id=\"9ab8ebb\" data-element_type=\"container\" data-e-type=\"container\">\n\t\t\t\t<div class=\"elementor-element elementor-element-bf91488 elementor-widget__width-initial elementor-widget elementor-widget-heading\" data-id=\"bf91488\" data-element_type=\"widget\" data-e-type=\"widget\" data-widget_type=\"heading.default\">\n\t\t\t\t<div class=\"elementor-widget-container\">\n\t\t\t\t\t<h1 class=\"elementor-heading-title elementor-size-default\">Avenue Q - Go Cards<\/h1>\t\t\t\t<\/div>\n\t\t\t\t<\/div>\n\t\t\t\t<div class=\"elementor-element elementor-element-5587c59 elementor-widget elementor-widget-heading\" data-id=\"5587c59\" data-element_type=\"widget\" data-e-type=\"widget\" data-widget_type=\"heading.default\">\n\t\t\t\t<div class=\"elementor-widget-container\">\n\t\t\t\t\t<h4 class=\"elementor-heading-title elementor-size-default\">Jeg havde v\u00e6ret oppe og se Avenue Q p\u00e5 Fredericia Musicalteater, hvor jeg havde lavet disse go cards med deres figurer p\u00e5 den anden side. Jeg blev inspireret af deres originale plakat, som de havde lavet for at fange opm\u00e6rksomheden. <br><br>Jeg fik afleveret kortene til skuespillerne, og de virkede til at v\u00e6re meget glade. \ud83d\ude00<\/h4>\t\t\t\t<\/div>\n\t\t\t\t<\/div>\n\t\t\t\t<\/div>\n\t\t\t\t<\/div>\n\t\t<div class=\"elementor-element elementor-element-d5d9491 e-con-full e-flex e-con e-child\" data-id=\"d5d9491\" data-element_type=\"container\" data-e-type=\"container\">\n\t\t<div class=\"elementor-element elementor-element-c2a44ce e-con-full e-flex e-con e-child\" data-id=\"c2a44ce\" data-element_type=\"container\" data-e-type=\"container\">\n\t\t\t\t<div class=\"elementor-element elementor-element-fddfd3c elementor-pagination-position-outside elementor-widget elementor-widget-image-carousel\" data-id=\"fddfd3c\" data-element_type=\"widget\" data-e-type=\"widget\" data-settings=\"{&quot;slides_to_show&quot;:&quot;1&quot;,&quot;navigation&quot;:&quot;dots&quot;,&quot;autoplay&quot;:&quot;yes&quot;,&quot;pause_on_hover&quot;:&quot;yes&quot;,&quot;pause_on_interaction&quot;:&quot;yes&quot;,&quot;autoplay_speed&quot;:5000,&quot;infinite&quot;:&quot;yes&quot;,&quot;effect&quot;:&quot;slide&quot;,&quot;speed&quot;:500}\" data-widget_type=\"image-carousel.default\">\n\t\t\t\t<div class=\"elementor-widget-container\">\n\t\t\t\t\t\t\t<div class=\"elementor-image-carousel-wrapper swiper\" role=\"region\" aria-roledescription=\"carousel\" aria-label=\"Image Carousel\" dir=\"ltr\">\n\t\t\t<div class=\"elementor-image-carousel swiper-wrapper\" aria-live=\"off\">\n\t\t\t\t\t\t\t\t<div class=\"swiper-slide\" role=\"group\" aria-roledescription=\"slide\" aria-label=\"1 of 9\"><figure class=\"swiper-slide-inner\"><img decoding=\"async\" class=\"swiper-slide-image\" src=\"https:\/\/holdtgrafik.dk\/wp-content\/uploads\/2024\/09\/4-1-scaled.jpg\" alt=\"4\" \/><\/figure><\/div><div class=\"swiper-slide\" role=\"group\" aria-roledescription=\"slide\" aria-label=\"2 of 9\"><figure class=\"swiper-slide-inner\"><img decoding=\"async\" class=\"swiper-slide-image\" src=\"https:\/\/holdtgrafik.dk\/wp-content\/uploads\/2024\/09\/1-2-scaled.jpg\" alt=\"1\" \/><\/figure><\/div><div class=\"swiper-slide\" role=\"group\" aria-roledescription=\"slide\" aria-label=\"3 of 9\"><figure class=\"swiper-slide-inner\"><img decoding=\"async\" class=\"swiper-slide-image\" src=\"https:\/\/holdtgrafik.dk\/wp-content\/uploads\/2024\/09\/9-scaled.jpg\" alt=\"9\" \/><\/figure><\/div><div class=\"swiper-slide\" role=\"group\" aria-roledescription=\"slide\" aria-label=\"4 of 9\"><figure class=\"swiper-slide-inner\"><img decoding=\"async\" class=\"swiper-slide-image\" src=\"https:\/\/holdtgrafik.dk\/wp-content\/uploads\/2024\/09\/2-1-scaled.jpg\" alt=\"2\" \/><\/figure><\/div><div class=\"swiper-slide\" role=\"group\" aria-roledescription=\"slide\" aria-label=\"5 of 9\"><figure class=\"swiper-slide-inner\"><img decoding=\"async\" class=\"swiper-slide-image\" src=\"https:\/\/holdtgrafik.dk\/wp-content\/uploads\/2024\/09\/3-2-scaled.jpg\" alt=\"3\" \/><\/figure><\/div><div class=\"swiper-slide\" role=\"group\" aria-roledescription=\"slide\" aria-label=\"6 of 9\"><figure class=\"swiper-slide-inner\"><img decoding=\"async\" class=\"swiper-slide-image\" src=\"https:\/\/holdtgrafik.dk\/wp-content\/uploads\/2024\/09\/8-scaled.jpg\" alt=\"8\" \/><\/figure><\/div><div class=\"swiper-slide\" role=\"group\" aria-roledescription=\"slide\" aria-label=\"7 of 9\"><figure class=\"swiper-slide-inner\"><img decoding=\"async\" class=\"swiper-slide-image\" src=\"https:\/\/holdtgrafik.dk\/wp-content\/uploads\/2024\/09\/6-scaled.jpg\" alt=\"6\" \/><\/figure><\/div><div class=\"swiper-slide\" role=\"group\" aria-roledescription=\"slide\" aria-label=\"8 of 9\"><figure class=\"swiper-slide-inner\"><img decoding=\"async\" class=\"swiper-slide-image\" src=\"https:\/\/holdtgrafik.dk\/wp-content\/uploads\/2024\/09\/7-scaled.jpg\" alt=\"7\" \/><\/figure><\/div><div class=\"swiper-slide\" role=\"group\" aria-roledescription=\"slide\" aria-label=\"9 of 9\"><figure class=\"swiper-slide-inner\"><img decoding=\"async\" class=\"swiper-slide-image\" src=\"https:\/\/holdtgrafik.dk\/wp-content\/uploads\/2024\/09\/5-1-scaled.jpg\" alt=\"5\" \/><\/figure><\/div>\t\t\t<\/div>\n\t\t\t\t\t\t\t\n\t\t\t\t\t\t\t\t\t<div class=\"swiper-pagination\"><\/div>\n\t\t\t\t\t\t\t\t\t<\/div>\n\t\t\t\t\t\t<\/div>\n\t\t\t\t<\/div>\n\t\t\t\t<\/div>\n\t\t<div class=\"elementor-element elementor-element-0154f0e e-con-full e-flex e-con e-child\" data-id=\"0154f0e\" data-element_type=\"container\" data-e-type=\"container\">\n\t\t\t\t<div class=\"elementor-element elementor-element-0015f56 elementor-widget__width-initial elementor-widget elementor-widget-heading\" data-id=\"0015f56\" data-element_type=\"widget\" data-e-type=\"widget\" data-widget_type=\"heading.default\">\n\t\t\t\t<div class=\"elementor-widget-container\">\n\t\t\t\t\t<h1 class=\"elementor-heading-title elementor-size-default\">\nPotr\u00e6tter - Go Cards<\/h1>\t\t\t\t<\/div>\n\t\t\t\t<\/div>\n\t\t\t\t<div class=\"elementor-element elementor-element-4854f98 elementor-widget elementor-widget-heading\" data-id=\"4854f98\" data-element_type=\"widget\" data-e-type=\"widget\" data-widget_type=\"heading.default\">\n\t\t\t\t<div class=\"elementor-widget-container\">\n\t\t\t\t\t<h4 class=\"elementor-heading-title elementor-size-default\">Jeg fandt et magasincover, som jeg fandt utrolig interessant. Jeg besluttede at g\u00f8re det til mit eget ved at omdanne det til en samling af fakta-kort om kendte personer gennem tiden.\n <br>\n <br>Disse kort kunne t\u00e6nkes at finde vej til biblioteker eller andre videnssteder, hvor de kan give l\u00e6serne indsigt og viden om forskellige historiske figurer.<\/h4>\t\t\t\t<\/div>\n\t\t\t\t<\/div>\n\t\t\t\t<\/div>\n\t\t\t\t<\/div>\n\t\t\t\t\t<\/div>\n\t\t\t\t<\/div>\n\t\t<div class=\"elementor-element elementor-element-370f338 e-flex e-con-boxed e-con e-parent\" data-id=\"370f338\" data-element_type=\"container\" data-e-type=\"container\">\n\t\t\t\t\t<div class=\"e-con-inner\">\n\t\t\t\t<div class=\"elementor-element elementor-element-6d44f73 elementor-widget elementor-widget-spacer\" data-id=\"6d44f73\" data-element_type=\"widget\" data-e-type=\"widget\" data-widget_type=\"spacer.default\">\n\t\t\t\t<div class=\"elementor-widget-container\">\n\t\t\t\t\t\t\t<div class=\"elementor-spacer\">\n\t\t\t<div class=\"elementor-spacer-inner\"><\/div>\n\t\t<\/div>\n\t\t\t\t\t\t<\/div>\n\t\t\t\t<\/div>\n\t\t\t\t\t<\/div>\n\t\t\t\t<\/div>\n\t\t\t\t<\/div>\n\t\t","protected":false},"excerpt":{"rendered":"<p>PORTFOLIO Herinde er hvor i kan se det ikke skole relateret arbejde, noget jeg enden har lavet for sjovt eller fordi jeg ville \u00f8ve mig p\u00e5 de forskellige programmer. Avenue Q &#8211; Go Cards Jeg havde v\u00e6ret oppe og se &hellip;<\/p>\n<p class=\"read-more\"> <a class=\"more-link\" href=\"https:\/\/holdtgrafik.dk\/index.php\/portfolio\/\"> <span class=\"screen-reader-text\">PORTFOLIO<\/span> Read More &raquo;<\/a><\/p>\n","protected":false},"author":2,"featured_media":0,"parent":0,"menu_order":0,"comment_status":"closed","ping_status":"closed","template":"","meta":{"footnotes":""},"class_list":["post-739","page","type-page","status-publish","hentry"],"yoast_head":"<!-- This site is optimized with the Yoast SEO plugin v27.2 - https:\/\/yoast.com\/product\/yoast-seo-wordpress\/ -->\n<title>PORTFOLIO - Holdtgrafik<\/title>\n<meta name=\"description\" content=\"Rikke L\u00f8bner Holdt. T\u00f8r du kigge ind? Jeg er i gang med at studere til mediegrafiker, og her vil I kunne f\u00f8lge med i min sp\u00e6ndende rejse. \ud83d\ude0a\" \/>\n<meta name=\"robots\" content=\"index, follow, max-snippet:-1, max-image-preview:large, max-video-preview:-1\" \/>\n<link rel=\"canonical\" href=\"https:\/\/holdtgrafik.dk\/index.php\/portfolio\/\" \/>\n<meta property=\"og:locale\" content=\"en_US\" \/>\n<meta property=\"og:type\" content=\"article\" \/>\n<meta property=\"og:title\" content=\"PORTFOLIO - Holdtgrafik\" \/>\n<meta property=\"og:description\" content=\"Rikke L\u00f8bner Holdt. T\u00f8r du kigge ind? Jeg er i gang med at studere til mediegrafiker, og her vil I kunne f\u00f8lge med i min sp\u00e6ndende rejse. \ud83d\ude0a\" \/>\n<meta property=\"og:url\" content=\"https:\/\/holdtgrafik.dk\/index.php\/portfolio\/\" \/>\n<meta property=\"og:site_name\" content=\"Holdtgrafik\" \/>\n<meta property=\"article:modified_time\" content=\"2024-09-12T19:04:40+00:00\" \/>\n<meta property=\"og:image\" content=\"https:\/\/holdtgrafik.kollits.dk\/wp-content\/uploads\/2024\/09\/1-scaled.jpg\" \/>\n<meta name=\"twitter:card\" content=\"summary_large_image\" \/>\n<meta name=\"twitter:label1\" content=\"Est. reading time\" \/>\n\t<meta name=\"twitter:data1\" content=\"4 minutes\" \/>\n<script type=\"application\/ld+json\" class=\"yoast-schema-graph\">{\"@context\":\"https:\/\/schema.org\",\"@graph\":[{\"@type\":\"WebPage\",\"@id\":\"https:\/\/holdtgrafik.dk\/index.php\/portfolio\/\",\"url\":\"https:\/\/holdtgrafik.dk\/index.php\/portfolio\/\",\"name\":\"PORTFOLIO - Holdtgrafik\",\"isPartOf\":{\"@id\":\"https:\/\/holdtgrafik.dk\/#website\"},\"primaryImageOfPage\":{\"@id\":\"https:\/\/holdtgrafik.dk\/index.php\/portfolio\/#primaryimage\"},\"image\":{\"@id\":\"https:\/\/holdtgrafik.dk\/index.php\/portfolio\/#primaryimage\"},\"thumbnailUrl\":\"https:\/\/holdtgrafik.kollits.dk\/wp-content\/uploads\/2024\/09\/1-scaled.jpg\",\"datePublished\":\"2024-09-12T10:01:42+00:00\",\"dateModified\":\"2024-09-12T19:04:40+00:00\",\"description\":\"Rikke L\u00f8bner Holdt. T\u00f8r du kigge ind? Jeg er i gang med at studere til mediegrafiker, og her vil I kunne f\u00f8lge med i min sp\u00e6ndende rejse. \ud83d\ude0a\",\"breadcrumb\":{\"@id\":\"https:\/\/holdtgrafik.dk\/index.php\/portfolio\/#breadcrumb\"},\"inLanguage\":\"en-US\",\"potentialAction\":[{\"@type\":\"ReadAction\",\"target\":[\"https:\/\/holdtgrafik.dk\/index.php\/portfolio\/\"]}]},{\"@type\":\"ImageObject\",\"inLanguage\":\"en-US\",\"@id\":\"https:\/\/holdtgrafik.dk\/index.php\/portfolio\/#primaryimage\",\"url\":\"https:\/\/holdtgrafik.kollits.dk\/wp-content\/uploads\/2024\/09\/1-scaled.jpg\",\"contentUrl\":\"https:\/\/holdtgrafik.kollits.dk\/wp-content\/uploads\/2024\/09\/1-scaled.jpg\"},{\"@type\":\"BreadcrumbList\",\"@id\":\"https:\/\/holdtgrafik.dk\/index.php\/portfolio\/#breadcrumb\",\"itemListElement\":[{\"@type\":\"ListItem\",\"position\":1,\"name\":\"Home\",\"item\":\"https:\/\/holdtgrafik.dk\/\"},{\"@type\":\"ListItem\",\"position\":2,\"name\":\"PORTFOLIO\"}]},{\"@type\":\"WebSite\",\"@id\":\"https:\/\/holdtgrafik.dk\/#website\",\"url\":\"https:\/\/holdtgrafik.dk\/\",\"name\":\"Holdtgrafik\",\"description\":\"Mediegrafiker portfolio\",\"potentialAction\":[{\"@type\":\"SearchAction\",\"target\":{\"@type\":\"EntryPoint\",\"urlTemplate\":\"https:\/\/holdtgrafik.dk\/?s={search_term_string}\"},\"query-input\":{\"@type\":\"PropertyValueSpecification\",\"valueRequired\":true,\"valueName\":\"search_term_string\"}}],\"inLanguage\":\"en-US\"}]}<\/script>\n<!-- \/ Yoast SEO plugin. -->","yoast_head_json":{"title":"PORTFOLIO - Holdtgrafik","description":"Rikke L\u00f8bner Holdt. T\u00f8r du kigge ind? Jeg er i gang med at studere til mediegrafiker, og her vil I kunne f\u00f8lge med i min sp\u00e6ndende rejse. \ud83d\ude0a","robots":{"index":"index","follow":"follow","max-snippet":"max-snippet:-1","max-image-preview":"max-image-preview:large","max-video-preview":"max-video-preview:-1"},"canonical":"https:\/\/holdtgrafik.dk\/index.php\/portfolio\/","og_locale":"en_US","og_type":"article","og_title":"PORTFOLIO - Holdtgrafik","og_description":"Rikke L\u00f8bner Holdt. T\u00f8r du kigge ind? Jeg er i gang med at studere til mediegrafiker, og her vil I kunne f\u00f8lge med i min sp\u00e6ndende rejse. \ud83d\ude0a","og_url":"https:\/\/holdtgrafik.dk\/index.php\/portfolio\/","og_site_name":"Holdtgrafik","article_modified_time":"2024-09-12T19:04:40+00:00","og_image":[{"url":"https:\/\/holdtgrafik.kollits.dk\/wp-content\/uploads\/2024\/09\/1-scaled.jpg","type":"","width":"","height":""}],"twitter_card":"summary_large_image","twitter_misc":{"Est. reading time":"4 minutes"},"schema":{"@context":"https:\/\/schema.org","@graph":[{"@type":"WebPage","@id":"https:\/\/holdtgrafik.dk\/index.php\/portfolio\/","url":"https:\/\/holdtgrafik.dk\/index.php\/portfolio\/","name":"PORTFOLIO - Holdtgrafik","isPartOf":{"@id":"https:\/\/holdtgrafik.dk\/#website"},"primaryImageOfPage":{"@id":"https:\/\/holdtgrafik.dk\/index.php\/portfolio\/#primaryimage"},"image":{"@id":"https:\/\/holdtgrafik.dk\/index.php\/portfolio\/#primaryimage"},"thumbnailUrl":"https:\/\/holdtgrafik.kollits.dk\/wp-content\/uploads\/2024\/09\/1-scaled.jpg","datePublished":"2024-09-12T10:01:42+00:00","dateModified":"2024-09-12T19:04:40+00:00","description":"Rikke L\u00f8bner Holdt. T\u00f8r du kigge ind? Jeg er i gang med at studere til mediegrafiker, og her vil I kunne f\u00f8lge med i min sp\u00e6ndende rejse. \ud83d\ude0a","breadcrumb":{"@id":"https:\/\/holdtgrafik.dk\/index.php\/portfolio\/#breadcrumb"},"inLanguage":"en-US","potentialAction":[{"@type":"ReadAction","target":["https:\/\/holdtgrafik.dk\/index.php\/portfolio\/"]}]},{"@type":"ImageObject","inLanguage":"en-US","@id":"https:\/\/holdtgrafik.dk\/index.php\/portfolio\/#primaryimage","url":"https:\/\/holdtgrafik.kollits.dk\/wp-content\/uploads\/2024\/09\/1-scaled.jpg","contentUrl":"https:\/\/holdtgrafik.kollits.dk\/wp-content\/uploads\/2024\/09\/1-scaled.jpg"},{"@type":"BreadcrumbList","@id":"https:\/\/holdtgrafik.dk\/index.php\/portfolio\/#breadcrumb","itemListElement":[{"@type":"ListItem","position":1,"name":"Home","item":"https:\/\/holdtgrafik.dk\/"},{"@type":"ListItem","position":2,"name":"PORTFOLIO"}]},{"@type":"WebSite","@id":"https:\/\/holdtgrafik.dk\/#website","url":"https:\/\/holdtgrafik.dk\/","name":"Holdtgrafik","description":"Mediegrafiker portfolio","potentialAction":[{"@type":"SearchAction","target":{"@type":"EntryPoint","urlTemplate":"https:\/\/holdtgrafik.dk\/?s={search_term_string}"},"query-input":{"@type":"PropertyValueSpecification","valueRequired":true,"valueName":"search_term_string"}}],"inLanguage":"en-US"}]}},"_links":{"self":[{"href":"https:\/\/holdtgrafik.dk\/index.php\/wp-json\/wp\/v2\/pages\/739","targetHints":{"allow":["GET"]}}],"collection":[{"href":"https:\/\/holdtgrafik.dk\/index.php\/wp-json\/wp\/v2\/pages"}],"about":[{"href":"https:\/\/holdtgrafik.dk\/index.php\/wp-json\/wp\/v2\/types\/page"}],"author":[{"embeddable":true,"href":"https:\/\/holdtgrafik.dk\/index.php\/wp-json\/wp\/v2\/users\/2"}],"replies":[{"embeddable":true,"href":"https:\/\/holdtgrafik.dk\/index.php\/wp-json\/wp\/v2\/comments?post=739"}],"version-history":[{"count":32,"href":"https:\/\/holdtgrafik.dk\/index.php\/wp-json\/wp\/v2\/pages\/739\/revisions"}],"predecessor-version":[{"id":814,"href":"https:\/\/holdtgrafik.dk\/index.php\/wp-json\/wp\/v2\/pages\/739\/revisions\/814"}],"wp:attachment":[{"href":"https:\/\/holdtgrafik.dk\/index.php\/wp-json\/wp\/v2\/media?parent=739"}],"curies":[{"name":"wp","href":"https:\/\/api.w.org\/{rel}","templated":true}]}}